{"id":2,"date":"2018-06-14T22:16:31","date_gmt":"2018-06-14T20:16:31","guid":{"rendered":"http:\/\/localhost\/wordpress\/?page_id=2"},"modified":"2020-05-15T20:18:47","modified_gmt":"2020-05-15T20:18:47","slug":"fonctionnalites","status":"publish","type":"page","link":"http:\/\/maxprod.fr\/ludomax\/","title":{"rendered":"fonctionnalit\u00e9s"},"content":{"rendered":"<div class=\"block_fonctionalite_conteneur\">\n<div class=\"block_fonctionalite\">\n<div class=\"vignette_fonctionalite\"><img loading=\"lazy\" decoding=\"async\" class=\"alignnone wp-image-137\" src=\"http:\/\/maxprod.fr\/ludomax\/files\/2018\/07\/Layer-1.png\" alt=\"\" width=\"70\" height=\"70\" \/><\/div>\n<h2>Adh\u00e9rents et Usagers<\/h2>\n<div class=\"content_fonctionalite\">\n<ul>\n<li>Suivi des cotisations annuelles de date \u00e0 date<\/li>\n<li>Suivi des cautions et des possibilit\u00e9s d\u2019emprunts<\/li>\n<li>Affichage des jeux emprunt\u00e9s<\/li>\n<li>Mailings\u00a0aux adh\u00e9rents<\/li>\n<li>Syst\u00e8me de codes barres usager<\/li>\n<\/ul>\n<\/div>\n<\/div>\n<div class=\"block_fonctionalite\">\n<div class=\"vignette_fonctionalite\"><img loading=\"lazy\" decoding=\"async\" class=\"alignnone wp-image-139\" src=\"http:\/\/maxprod.fr\/ludomax\/files\/2018\/07\/Layer-3.png\" alt=\"\" width=\"70\" height=\"70\" \/><\/div>\n<h2>Stock jeux et jouets<\/h2>\n<div class=\"content_fonctionalite\">\n<ul>\n<li>Suivi de l\u2019\u00e9tat des diff\u00e9rents jeux<\/li>\n<li>Saisie des jeux manuelle ou par import depuis la biblioth\u00e8que commune de fiches<\/li>\n<li>Ajout de champs personnalis\u00e9s sur les fiches de jeux<\/li>\n<li>Affichage du nombre d\u2019emprunts total de chaque jeu<\/li>\n<li>Edition de fiches d\u2019inventaires<\/li>\n<li>Gestion par codes barres<\/li>\n<li>Contr\u00f4le sur la disponibilit\u00e9 au pr\u00eat des jeux<\/li>\n<\/ul>\n<\/div>\n<\/div>\n<div class=\"block_fonctionalite\">\n<div class=\"vignette_fonctionalite\"><img loading=\"lazy\" decoding=\"async\" class=\"alignnone wp-image-138\" src=\"http:\/\/maxprod.fr\/ludomax\/files\/2018\/07\/Layer-2.png\" alt=\"\" width=\"70\" height=\"70\" \/><\/div>\n<h2>S\u00e9ances<\/h2>\n<div class=\"content_fonctionalite\">\n<ul>\n<li>Suivi nominatif des fr\u00e9quentations\u00a0 pour chaque ouverture au public<\/li>\n<li>Possibilit\u00e9 de classifier les s\u00e9ances en fonction des diff\u00e9rents types\u00a0d\u2019accueils ou d&rsquo;autres crit\u00e8res<\/li>\n<li>Affichage d\u2019alerte en cas de cotisation expir\u00e9e ou proche de l\u2019expiration<\/li>\n<li>Affichage d\u2019alerte si une note sur l\u2019usager ou l\u2019adh\u00e9rent est pr\u00e9sente<\/li>\n<\/ul>\n<\/div>\n<\/div>\n<div class=\"block_fonctionalite\">\n<div class=\"vignette_fonctionalite\"><img loading=\"lazy\" decoding=\"async\" class=\"alignnone wp-image-150\" src=\"http:\/\/maxprod.fr\/ludomax\/files\/2018\/07\/Layer-14.png\" alt=\"\" width=\"70\" height=\"70\" \/><\/div>\n<h2>Gestion des pr\u00eats<\/h2>\n<div class=\"content_fonctionalite\">\n<ul>\n<li>Suivi et enregistrement des pr\u00eats<\/li>\n<li>Affichage du contenu du jeu lors des d\u00e9part et retour du jeu<\/li>\n<li>Alerte en cas d\u2019absence de ch\u00e8que de caution, de ch\u00e8que de caution obsol\u00e8te, d\u2019interdiction d\u2019emprunt, de jeux non empruntables etc\u2026<\/li>\n<li>Gestion des retards de restitutions<\/li>\n<li>Limite de pr\u00eat par adh\u00e9rents et\u00a0 usagers<\/li>\n<li>Interdictions temporaires de pr\u00eat<\/li>\n<li>Ajout de notes \u00e0 l\u2019usager, \u00e0 l\u2019adh\u00e9rent ou au jeu lors des pr\u00eats<\/li>\n<li>Mails de relance pour retard de restitution<\/li>\n<li>Diff\u00e9rentiation du co\u00fbt de pr\u00eat des diff\u00e9rents jeux<\/li>\n<\/ul>\n<\/div>\n<\/div>\n<div class=\"block_fonctionalite\">\n<div class=\"vignette_fonctionalite\"><img loading=\"lazy\" decoding=\"async\" class=\"alignnone wp-image-154\" src=\"http:\/\/maxprod.fr\/ludomax\/files\/2018\/07\/Layer-18.png\" alt=\"\" width=\"70\" height=\"70\" \/><\/div>\n<h2>Catalogue en Ligne<\/h2>\n<div class=\"content_fonctionalite\">\n<ul>\n<li>Recherche des jeux disponibles<\/li>\n<li>R\u00e9servation en ligne<\/li>\n<li>Module utilisateur pour g\u00e9rer ses r\u00e9servations et ses emprunts<\/li>\n<li>Mise \u00e0 jour en temps r\u00e9el<\/li>\n<\/ul>\n<\/div>\n<div class=\"vignette_fonctionalite\"><img loading=\"lazy\" decoding=\"async\" class=\"alignnone wp-image-151\" src=\"http:\/\/maxprod.fr\/ludomax\/files\/2018\/07\/Layer-15.png\" alt=\"\" width=\"70\" height=\"70\" \/><\/div>\n<h2>R\u00e9servations<\/h2>\n<div class=\"content_fonctionalite\">\n<ul>\n<li>R\u00e9servation de jeu sur place ou en ligne<\/li>\n<li>Alerte lors du pr\u00eat d&rsquo;un jeu r\u00e9serv\u00e9<\/li>\n<\/ul>\n<\/div>\n<div class=\"vignette_fonctionalite\"><img loading=\"lazy\" decoding=\"async\" class=\"alignnone wp-image-587 size-full\" src=\"http:\/\/maxprod.fr\/ludomax\/files\/2020\/05\/drive.png\" alt=\"\" width=\"70\" height=\"70\" srcset=\"http:\/\/maxprod.fr\/ludomax\/files\/2020\/05\/drive.png 201w, http:\/\/maxprod.fr\/ludomax\/files\/2020\/05\/drive-150x150.png 150w\" sizes=\"(max-width: 70px) 100vw, 70px\" \/><\/div>\n<h2>Drive<\/h2>\n<div class=\"content_fonctionalite\">\n<ul>\n<li>Possibilit\u00e9 de r\u00e9server un cr\u00e9neau horaire en ligne<\/li>\n<\/ul>\n<\/div>\n<\/div>\n<div class=\"block_fonctionalite\">\n<div class=\"vignette_fonctionalite\"><img loading=\"lazy\" decoding=\"async\" class=\"alignnone wp-image-143\" src=\"http:\/\/maxprod.fr\/ludomax\/files\/2018\/07\/Layer-7.png\" alt=\"\" width=\"70\" height=\"70\" \/><\/div>\n<h2>Statistiques<\/h2>\n<div class=\"content_fonctionalite\">\n<ul>\n<li>R\u00e9capitulatif sur une p\u00e9riode donn\u00e9e<\/li>\n<li>Statistiques pr\u00e9cises sur les pr\u00eats, les adh\u00e9rents, les usagers et les fr\u00e9quentations<\/li>\n<\/ul>\n<\/div>\n<\/div>\n<div class=\"block_fonctionalite\">\n<div class=\"vignette_fonctionalite\"><img loading=\"lazy\" decoding=\"async\" class=\"alignnone wp-image-149\" src=\"http:\/\/maxprod.fr\/ludomax\/files\/2018\/07\/Layer-13.png\" alt=\"\" width=\"70\" height=\"70\" \/><\/div>\n<h2>Mise en commun<\/h2>\n<div class=\"content_fonctionalite\">\n<ul>\n<li>Mise en commun des fiches de jeux saisies par les diff\u00e9rentes ludoth\u00e8ques<\/li>\n<li>Validation manuelle de chaque fiche<\/li>\n<li>recherche automatique des fiches disponibles lors de la saisie de nouveaux jeux<\/li>\n<\/ul>\n<\/div>\n<\/div>\n<div class=\"block_fonctionalite\">\n<div class=\"vignette_fonctionalite\"><img loading=\"lazy\" decoding=\"async\" class=\"alignnone wp-image-145\" src=\"http:\/\/maxprod.fr\/ludomax\/files\/2018\/07\/Layer-9.png\" alt=\"\" width=\"70\" height=\"70\" \/><\/div>\n<h2>Et bien plus<\/h2>\n<div class=\"content_fonctionalite\">\n<ul>\n<li>Param\u00e9trage des valeurs clefs de chaque ludoth\u00e8ques<\/li>\n<li>Modification et ajout de champs de saisie pour les jeux, les adh\u00e9rents, les usagers, les s\u00e9ances et les pr\u00eats<\/li>\n<li>Personnalisation\u00a0de l\u2019affichage de chaque\u00a0cat\u00e9gorie<\/li>\n<li>Accessibilit\u00e9 depuis n\u2019importe quel ordinateur, smartphone ou tablette sans installation pr\u00e9alable<\/li>\n<li>Compatible avec tout les syst\u00e8mes d\u2019exploitation<\/li>\n<li>Utilisation multi-postes simultan\u00e9e<\/li>\n<li>Codes \u00e0 barres<\/li>\n<li>Sauvegarde<\/li>\n<li>Mailings<\/li>\n<\/ul>\n<\/div>\n<\/div>\n<\/div>\n","protected":false},"excerpt":{"rendered":"<p>Adh\u00e9rents et Usagers Suivi des cotisations annuelles de date \u00e0 date Suivi des cautions et des possibilit\u00e9s d\u2019emprunts Affichage des jeux emprunt\u00e9s Mailings\u00a0aux adh\u00e9rents Syst\u00e8me de codes barres usager Stock jeux et jouets Suivi de l\u2019\u00e9tat des diff\u00e9rents jeux Saisie des jeux manuelle ou par import depuis la biblioth\u00e8que commune de fiches Ajout de champs [&hellip;]<\/p>\n","protected":false},"author":1,"featured_media":0,"parent":0,"menu_order":2,"comment_status":"closed","ping_status":"closed","template":"one_page_site_template.php","meta":{"footnotes":""},"_links":{"self":[{"href":"http:\/\/maxprod.fr\/ludomax\/wp-json\/wp\/v2\/pages\/2"}],"collection":[{"href":"http:\/\/maxprod.fr\/ludomax\/wp-json\/wp\/v2\/pages"}],"about":[{"href":"http:\/\/maxprod.fr\/ludomax\/wp-json\/wp\/v2\/types\/page"}],"author":[{"embeddable":true,"href":"http:\/\/maxprod.fr\/ludomax\/wp-json\/wp\/v2\/users\/1"}],"replies":[{"embeddable":true,"href":"http:\/\/maxprod.fr\/ludomax\/wp-json\/wp\/v2\/comments?post=2"}],"version-history":[{"count":5,"href":"http:\/\/maxprod.fr\/ludomax\/wp-json\/wp\/v2\/pages\/2\/revisions"}],"predecessor-version":[{"id":589,"href":"http:\/\/maxprod.fr\/ludomax\/wp-json\/wp\/v2\/pages\/2\/revisions\/589"}],"wp:attachment":[{"href":"http:\/\/maxprod.fr\/ludomax\/wp-json\/wp\/v2\/media?parent=2"}],"curies":[{"name":"wp","href":"https:\/\/api.w.org\/{rel}","templated":true}]}}