{"id":109,"date":"2018-06-18T10:05:48","date_gmt":"2018-06-18T08:05:48","guid":{"rendered":"http:\/\/localhost\/wordpress\/?page_id=109"},"modified":"2021-06-25T13:26:58","modified_gmt":"2021-06-25T13:26:58","slug":"mentions-legales","status":"publish","type":"page","link":"http:\/\/maxprod.fr\/ludomax\/mentions-legales\/","title":{"rendered":"Mentions L\u00e9gales"},"content":{"rendered":"<h2>CONTACT<\/h2>\n<p>LudoMax est g\u00e9r\u00e9 par Max Valembois, en tant qu&rsquo;autoentrepreneur.<br \/>\nAdresse de courrier :<br \/>\nFlintemarken 61<br \/>\n7190 Billund<br \/>\nDanemark<br \/>\nAdresse de contact par mail : contact@maxprod.Fr<br \/>\nT\u00e9l\u00e9phone +(45)52188161<br \/>\nSiret : 523 336 541 00013<\/p>\n<h2>DONNEES PERSONELLES<\/h2>\n<p>LudoMax n&rsquo;utilise pas de cookies. La base de donn\u00e9es de LudoMAX est dipos\u00e9e \u00e0 la CNIL sous les num\u00e9ros : 1514402 et 1514421<\/p>\n<h2>GDPR<\/h2>\n<p>LudoMAX est un outil conforme \u00e0 la GDPR<br \/>\n &#8211; Vos usager peuvent en un clic acc\u00e9der \u00e0 leurs donn\u00e9es depuis leur espace en ligne<br \/>\n &#8211; Vous pouvez d\u00e9finir une dur\u00e9e de conservation des donn\u00e9es des adh\u00e9rents et usagers<br \/>\n &#8211; Le logiciel vous proposera a chaque connexion de supprimer les donn\u00e9es trop vieilles<\/p>\n<h2>h\u00e9bergement<\/h2>\n<p>Les donn\u00e9es de LudoMAX sont h\u00e9berg\u00e9es par OVH sur le site de Roubaix en FRANCE :<\/p>\n<p>OVH<br \/>\nSAS au capital de 10 069 020 \u20ac<br \/>\nRCS Lille M\u00e9tropole 424 761 419 00045<br \/>\nCode APE 2620Z<br \/>\nN\u00b0 TVA : FR 22 424 761 419<br \/>\nSi\u00e8ge social : 2 rue Kellermann &#8211; 59100 Roubaix &#8211; France<\/p>\n","protected":false},"excerpt":{"rendered":"<p>CONTACT LudoMax est g\u00e9r\u00e9 par Max Valembois, en tant qu&rsquo;autoentrepreneur. Adresse de courrier : Flintemarken 61 7190 Billund Danemark Adresse de contact par mail : contact@maxprod.Fr T\u00e9l\u00e9phone +(45)52188161 Siret : 523 336 541 00013 DONNEES PERSONELLES LudoMax n&rsquo;utilise pas de cookies. La base de donn\u00e9es de LudoMAX est dipos\u00e9e \u00e0 la CNIL sous les num\u00e9ros [&hellip;]<\/p>\n","protected":false},"author":1,"featured_media":0,"parent":0,"menu_order":0,"comment_status":"closed","ping_status":"closed","template":"","meta":{"footnotes":""},"_links":{"self":[{"href":"http:\/\/maxprod.fr\/ludomax\/wp-json\/wp\/v2\/pages\/109"}],"collection":[{"href":"http:\/\/maxprod.fr\/ludomax\/wp-json\/wp\/v2\/pages"}],"about":[{"href":"http:\/\/maxprod.fr\/ludomax\/wp-json\/wp\/v2\/types\/page"}],"author":[{"embeddable":true,"href":"http:\/\/maxprod.fr\/ludomax\/wp-json\/wp\/v2\/users\/1"}],"replies":[{"embeddable":true,"href":"http:\/\/maxprod.fr\/ludomax\/wp-json\/wp\/v2\/comments?post=109"}],"version-history":[{"count":4,"href":"http:\/\/maxprod.fr\/ludomax\/wp-json\/wp\/v2\/pages\/109\/revisions"}],"predecessor-version":[{"id":621,"href":"http:\/\/maxprod.fr\/ludomax\/wp-json\/wp\/v2\/pages\/109\/revisions\/621"}],"wp:attachment":[{"href":"http:\/\/maxprod.fr\/ludomax\/wp-json\/wp\/v2\/media?parent=109"}],"curies":[{"name":"wp","href":"https:\/\/api.w.org\/{rel}","templated":true}]}}